{"id":586,"date":"2020-07-12T02:09:16","date_gmt":"2020-07-12T02:09:16","guid":{"rendered":"https:\/\/tavaresborba.com.br\/?page_id=586"},"modified":"2026-03-09T09:09:04","modified_gmt":"2026-03-09T12:09:04","slug":"areas-de-atuacao","status":"publish","type":"page","link":"https:\/\/tavaresborba.com.br\/en\/areas-de-atuacao\/","title":{"rendered":"\u00c1reas de Atua\u00e7\u00e3o"},"content":{"rendered":"<div data-elementor-type=\"wp-page\" data-elementor-id=\"586\" class=\"elementor elementor-586\" data-elementor-post-type=\"page\">\n\t\t\t\t<div class=\"elementor-element elementor-element-2287563 e-flex e-con-boxed e-con e-parent\" data-id=\"2287563\" data-element_type=\"container\" data-e-type=\"container\" data-settings=\"{&quot;background_background&quot;:&quot;classic&quot;}\">\n\t\t\t\t\t<div class=\"e-con-inner\">\n\t\t<div class=\"elementor-element elementor-element-3e1254b e-con-full e-flex e-con e-child\" data-id=\"3e1254b\" data-element_type=\"container\" data-e-type=\"container\">\n\t\t\t\t<div class=\"elementor-element elementor-element-a7e6cee smallcaps elementor-invisible elementor-widget elementor-widget-heading\" data-id=\"a7e6cee\" data-element_type=\"widget\" data-e-type=\"widget\" data-settings=\"{&quot;_animation&quot;:&quot;fadeInUp&quot;,&quot;_animation_delay&quot;:250}\" data-widget_type=\"heading.default\">\n\t\t\t\t\t<h4 class=\"elementor-heading-title elementor-size-default\">Expertise<\/h4>\t\t\t\t<\/div>\n\t\t\t\t<div class=\"elementor-element elementor-element-3e5265d smallcaps elementor-invisible elementor-widget elementor-widget-heading\" data-id=\"3e5265d\" data-element_type=\"widget\" data-e-type=\"widget\" data-settings=\"{&quot;_animation&quot;:&quot;fadeInUp&quot;}\" data-widget_type=\"heading.default\">\n\t\t\t\t\t<h2 class=\"elementor-heading-title elementor-size-default\">Business Law<\/h2>\t\t\t\t<\/div>\n\t\t\t\t<div class=\"elementor-element elementor-element-d11ca8d elementor-widget elementor-widget-html\" data-id=\"d11ca8d\" data-element_type=\"widget\" data-e-type=\"widget\" data-widget_type=\"html.default\">\n\t\t\t\t\t<script>\ndocument.addEventListener('DOMContentLoaded', function () {\n  var blocks = document.querySelectorAll('.bloco-ver-mais');\n\n  blocks.forEach(function (block, index) {\n    if (block.dataset.readmoreInit === 'true') return;\n\n    var originalHtml = block.innerHTML.trim();\n    var originalText = block.textContent.trim();\n    var limit = 140;\n\n    if (originalText.length <= limit) return;\n\n    var shortText = originalText.substring(0, limit).trim();\n\n    block.dataset.readmoreInit = 'true';\n    block.dataset.fullText = originalText;\n    block.dataset.shortText = shortText;\n\n    var contentId = 'bloco-ver-mais-' + index;\n\n    block.innerHTML =\n      '<span class=\"bloco-ver-mais-resumo\">' + shortText + '...<\/span> ' +\n      '<span class=\"bloco-ver-mais-completo\" id=\"' + contentId + '\" style=\"display:none;\">' + originalText + '<\/span> ' +\n      '<a href=\"#\" class=\"bloco-ver-mais-toggle\" aria-expanded=\"false\" aria-controls=\"' + contentId + '\">Continuar lendo<\/a>';\n\n    var toggle = block.querySelector('.bloco-ver-mais-toggle');\n    var resumo = block.querySelector('.bloco-ver-mais-resumo');\n    var completo = block.querySelector('.bloco-ver-mais-completo');\n\n    toggle.addEventListener('click', function (e) {\n      e.preventDefault();\n\n      var expanded = toggle.getAttribute('aria-expanded') === 'true';\n\n      if (!expanded) {\n        resumo.style.display = 'none';\n        completo.style.display = 'inline';\n        toggle.textContent = 'Ver menos';\n        toggle.setAttribute('aria-expanded', 'true');\n      } else {\n        resumo.style.display = 'inline';\n        completo.style.display = 'none';\n        toggle.textContent = 'Continuar lendo...';\n        toggle.setAttribute('aria-expanded', 'false');\n      }\n    });\n  });\n});\n<\/script>\t\t\t\t<\/div>\n\t\t\t\t<div class=\"elementor-element elementor-element-a164701 elementor-widget elementor-widget-text-editor\" data-id=\"a164701\" data-element_type=\"widget\" data-e-type=\"widget\" data-widget_type=\"text-editor.default\">\n\t\t\t\t\t\t\t\t\t<p>The firm focuses its practice on areas related to business activity and capital markets, as specified below:<\/p>\t\t\t\t\t\t\t\t<\/div>\n\t\t\t\t<\/div>\n\t\t\t\t\t<\/div>\n\t\t\t\t<\/div>\n\t\t<div class=\"elementor-element elementor-element-ba2c14f e-flex e-con-boxed e-con e-parent\" data-id=\"ba2c14f\" data-element_type=\"container\" data-e-type=\"container\">\n\t\t\t\t\t<div class=\"e-con-inner\">\n\t\t<div class=\"elementor-element elementor-element-ab057f7 e-con-full e-flex e-con e-child\" data-id=\"ab057f7\" data-element_type=\"container\" data-e-type=\"container\">\n\t\t\t\t<div class=\"elementor-element elementor-element-1f09554 elementor-widget elementor-widget-image\" data-id=\"1f09554\" data-element_type=\"widget\" data-e-type=\"widget\" data-widget_type=\"image.default\">\n\t\t\t\t\t\t\t\t\t\t\t\t\t\t\t<img decoding=\"async\" src=\"https:\/\/tavaresborba.com.br\/wp-content\/uploads\/elementor\/thumbs\/foto-3-rjffo17ihyl4xddu1i1emz48rd0wo6caxmk57zucdk.jpg\" title=\"photo-3\" alt=\"foto-3\" loading=\"lazy\" \/>\t\t\t\t\t\t\t\t\t\t\t\t\t\t\t<\/div>\n\t\t\t\t<\/div>\n\t\t<div class=\"elementor-element elementor-element-a912f96 e-flex e-con-boxed e-con e-child\" data-id=\"a912f96\" data-element_type=\"container\" data-e-type=\"container\">\n\t\t\t\t\t<div class=\"e-con-inner\">\n\t\t<div class=\"elementor-element elementor-element-5930cea e-con-full e-flex elementor-invisible e-con e-child\" data-id=\"5930cea\" data-element_type=\"container\" data-e-type=\"container\" data-settings=\"{&quot;animation&quot;:&quot;fadeIn&quot;}\">\n\t\t\t\t<div class=\"elementor-element elementor-element-ebdd1ef elementor-widget elementor-widget-heading\" data-id=\"ebdd1ef\" data-element_type=\"widget\" data-e-type=\"widget\" data-widget_type=\"heading.default\">\n\t\t\t\t\t<h3 class=\"elementor-heading-title elementor-size-default\">Capital Markets<\/h3>\t\t\t\t<\/div>\n\t\t\t\t<div class=\"elementor-element elementor-element-3f09ef3 bloco-ver-mais elementor-widget elementor-widget-text-editor\" data-id=\"3f09ef3\" data-element_type=\"widget\" data-e-type=\"widget\" data-widget_type=\"text-editor.default\">\n\t\t\t\t\t\t\t\t\t<p>Legal opinions and technical notes on various topics related to the capital market. Advisory services to publicly traded companies and their governing bodies and members (board of directors, management board, and statutory committees), as well as financial institutions, intermediaries, investors, and other participants in this environment (administrators, brokers, custodians, registrars, fiduciary agents, etc.). The firm&#039;s expertise includes both preliminary guidance on such matters and the defense of clients in proceedings already initiated or about to be initiated, both in the judicial and administrative spheres, including, among others, sanctioning and non-sanctioning proceedings initiated by the Securities and Exchange Commission.<\/p>\t\t\t\t\t\t\t\t<\/div>\n\t\t\t\t<\/div>\n\t\t<div class=\"elementor-element elementor-element-e470f8c e-con-full e-flex elementor-invisible e-con e-child\" data-id=\"e470f8c\" data-element_type=\"container\" data-e-type=\"container\" data-settings=\"{&quot;animation&quot;:&quot;fadeIn&quot;}\">\n\t\t\t\t<div class=\"elementor-element elementor-element-ffc6456 elementor-widget elementor-widget-heading\" data-id=\"ffc6456\" data-element_type=\"widget\" data-e-type=\"widget\" data-widget_type=\"heading.default\">\n\t\t\t\t\t<h3 class=\"elementor-heading-title elementor-size-default\">Corporate<\/h3>\t\t\t\t<\/div>\n\t\t\t\t<div class=\"elementor-element elementor-element-ae43a8d bloco-ver-mais elementor-widget elementor-widget-text-editor\" data-id=\"ae43a8d\" data-element_type=\"widget\" data-e-type=\"widget\" data-widget_type=\"text-editor.default\">\n\t\t\t\t\t\t\t\t\t<p>Legal opinions, guidance, and other work related to corporate matters, including complex corporate reorganizations, advice to prevent litigation with shareholders\/partners, guidance and monitoring of general meetings, drafting of corporate documents (statutes, articles of association, statutory\/contractual amendments, minutes, shareholder agreements, etc.), assistance with filing corporate documents with the Commercial Registries, guidance related to corporate governance and company compliance, technical collaboration on strategic and day-to-day corporate matters, as well as on various other corporate issues.<\/p>\t\t\t\t\t\t\t\t<\/div>\n\t\t\t\t<\/div>\n\t\t<div class=\"elementor-element elementor-element-7dea364 e-con-full e-flex elementor-invisible e-con e-child\" data-id=\"7dea364\" data-element_type=\"container\" data-e-type=\"container\" data-settings=\"{&quot;animation&quot;:&quot;fadeIn&quot;}\">\n\t\t\t\t<div class=\"elementor-element elementor-element-f78cee8 elementor-widget elementor-widget-heading\" data-id=\"f78cee8\" data-element_type=\"widget\" data-e-type=\"widget\" data-widget_type=\"heading.default\">\n\t\t\t\t\t<h3 class=\"elementor-heading-title elementor-size-default\">Strategic Business Litigation: Judicial and Arbitral<\/h3>\t\t\t\t<\/div>\n\t\t\t\t<div class=\"elementor-element elementor-element-dc68873 bloco-ver-mais elementor-widget elementor-widget-text-editor\" data-id=\"dc68873\" data-element_type=\"widget\" data-e-type=\"widget\" data-widget_type=\"text-editor.default\">\n\t\t\t\t\t\t\t\t\t<p>Litigation and arbitration in corporate matters, capital markets, and involving business contracts in general is one of the firm&#039;s specialties, with extensive experience in these types of disputes.<\/p>\t\t\t\t\t\t\t\t<\/div>\n\t\t\t\t<\/div>\n\t\t<div class=\"elementor-element elementor-element-7bc9867 e-con-full e-flex elementor-invisible e-con e-child\" data-id=\"7bc9867\" data-element_type=\"container\" data-e-type=\"container\" data-settings=\"{&quot;animation&quot;:&quot;fadeIn&quot;}\">\n\t\t\t\t<div class=\"elementor-element elementor-element-98e1ce9 elementor-widget elementor-widget-heading\" data-id=\"98e1ce9\" data-element_type=\"widget\" data-e-type=\"widget\" data-widget_type=\"heading.default\">\n\t\t\t\t\t<h3 class=\"elementor-heading-title elementor-size-default\">Investment Funds<\/h3>\t\t\t\t<\/div>\n\t\t\t\t<div class=\"elementor-element elementor-element-f4ecf1b bloco-ver-mais elementor-widget elementor-widget-text-editor\" data-id=\"f4ecf1b\" data-element_type=\"widget\" data-e-type=\"widget\" data-widget_type=\"text-editor.default\">\n\t\t\t\t\t\t\t\t\t<p>Legal opinions and advice related to investment funds, in services provided to both investors and intermediaries in the capital market. In addition to consulting services, the firm also sponsors judicial, arbitration, and administrative actions on this subject.<\/p>\t\t\t\t\t\t\t\t<\/div>\n\t\t\t\t<\/div>\n\t\t<div class=\"elementor-element elementor-element-c0aa193 e-con-full e-flex elementor-invisible e-con e-child\" data-id=\"c0aa193\" data-element_type=\"container\" data-e-type=\"container\" data-settings=\"{&quot;animation&quot;:&quot;fadeIn&quot;}\">\n\t\t\t\t<div class=\"elementor-element elementor-element-dcbaf37 elementor-widget elementor-widget-heading\" data-id=\"dcbaf37\" data-element_type=\"widget\" data-e-type=\"widget\" data-widget_type=\"heading.default\">\n\t\t\t\t\t<h3 class=\"elementor-heading-title elementor-size-default\">Business Contracts<\/h3>\t\t\t\t<\/div>\n\t\t\t\t<div class=\"elementor-element elementor-element-855b2d3 bloco-ver-mais elementor-widget elementor-widget-text-editor\" data-id=\"855b2d3\" data-element_type=\"widget\" data-e-type=\"widget\" data-widget_type=\"text-editor.default\">\n\t\t\t\t\t\t\t\t\t<p>Drafting complex contractual instruments related to various business matters, including shareholder agreements, investment contracts, memoranda of understanding, technology supply contracts, confidentiality agreements, construction contracts, etc.\u00a0<\/p>\t\t\t\t\t\t\t\t<\/div>\n\t\t\t\t<\/div>\n\t\t<div class=\"elementor-element elementor-element-ec98200 e-con-full e-flex elementor-invisible e-con e-child\" data-id=\"ec98200\" data-element_type=\"container\" data-e-type=\"container\" data-settings=\"{&quot;animation&quot;:&quot;fadeIn&quot;}\">\n\t\t\t\t<div class=\"elementor-element elementor-element-d59b9ce elementor-widget elementor-widget-heading\" data-id=\"d59b9ce\" data-element_type=\"widget\" data-e-type=\"widget\" data-widget_type=\"heading.default\">\n\t\t\t\t\t<h3 class=\"elementor-heading-title elementor-size-default\">Real Estate<\/h3>\t\t\t\t<\/div>\n\t\t\t\t<div class=\"elementor-element elementor-element-38b0679 bloco-ver-mais elementor-widget elementor-widget-text-editor\" data-id=\"38b0679\" data-element_type=\"widget\" data-e-type=\"widget\" data-widget_type=\"text-editor.default\">\n\t\t\t\t\t\t\t\t\t<p>Advising clients on real estate matters, such as lease agreements, incorporation, assignment of commercial or operational areas, purchase or sale of real estate (including due diligence on the property&#039;s condition), as well as structuring real estate investment funds and other sophisticated investment instruments in the real estate sector.<\/p>\t\t\t\t\t\t\t\t<\/div>\n\t\t\t\t<\/div>\n\t\t<div class=\"elementor-element elementor-element-b6b2f5e e-con-full e-flex elementor-invisible e-con e-child\" data-id=\"b6b2f5e\" data-element_type=\"container\" data-e-type=\"container\" data-settings=\"{&quot;animation&quot;:&quot;fadeIn&quot;}\">\n\t\t\t\t<div class=\"elementor-element elementor-element-7ab16a1 elementor-widget elementor-widget-heading\" data-id=\"7ab16a1\" data-element_type=\"widget\" data-e-type=\"widget\" data-widget_type=\"heading.default\">\n\t\t\t\t\t<h3 class=\"elementor-heading-title elementor-size-default\">New Technologies<\/h3>\t\t\t\t<\/div>\n\t\t\t\t<div class=\"elementor-element elementor-element-e61c05c bloco-ver-mais elementor-widget elementor-widget-text-editor\" data-id=\"e61c05c\" data-element_type=\"widget\" data-e-type=\"widget\" data-widget_type=\"text-editor.default\">\n\t\t\t\t\t\t\t\t\t<p>Advising clients on legal matters related to the use of disruptive new technologies, including verifying the compliance of these new instruments with applicable regulations and laws, especially with regard to fintechs, crowdfunding platforms, developers of new payment arrangements (open and closed), creators of modern and technological mechanisms for making investments in the capital market, intermediaries and participants in operations called...\u00a0<i>peer to peer<\/i>\u00a0and various other issues involving developers of technologies applicable to the financial and capital markets.<\/p>\t\t\t\t\t\t\t\t<\/div>\n\t\t\t\t<\/div>\n\t\t<div class=\"elementor-element elementor-element-6841fef e-con-full e-flex elementor-invisible e-con e-child\" data-id=\"6841fef\" data-element_type=\"container\" data-e-type=\"container\" data-settings=\"{&quot;animation&quot;:&quot;fadeIn&quot;}\">\n\t\t\t\t<div class=\"elementor-element elementor-element-84e3425 elementor-widget elementor-widget-heading\" data-id=\"84e3425\" data-element_type=\"widget\" data-e-type=\"widget\" data-widget_type=\"heading.default\">\n\t\t\t\t\t<h3 class=\"elementor-heading-title elementor-size-default\">Private Institutional Pension Plan<\/h3>\t\t\t\t<\/div>\n\t\t\t\t<div class=\"elementor-element elementor-element-414b41a bloco-ver-mais elementor-widget elementor-widget-text-editor\" data-id=\"414b41a\" data-element_type=\"widget\" data-e-type=\"widget\" data-widget_type=\"text-editor.default\">\n\t\t\t\t\t\t\t\t\t<p>Legal counsel to private pension funds (EFPC) on matters related to investments of their resources and institutional matters, especially those related to actuarial reserves, actuarial balance, and compliance with the legal and regulatory rules of the sector (LC 108 and 109 and regulations). In this context, the firm represents the interests of Closed Private Pension Entities and the members of the administrative bodies of these entities, both before PREVIC (Superintendence of Complementary Pension) and in legal proceedings.<\/p>\t\t\t\t\t\t\t\t<\/div>\n\t\t\t\t<\/div>\n\t\t<div class=\"elementor-element elementor-element-cc169c8 e-con-full e-flex elementor-invisible e-con e-child\" data-id=\"cc169c8\" data-element_type=\"container\" data-e-type=\"container\" data-settings=\"{&quot;animation&quot;:&quot;fadeIn&quot;}\">\n\t\t\t\t<div class=\"elementor-element elementor-element-dbadfae elementor-widget elementor-widget-heading\" data-id=\"dbadfae\" data-element_type=\"widget\" data-e-type=\"widget\" data-widget_type=\"heading.default\">\n\t\t\t\t\t<h3 class=\"elementor-heading-title elementor-size-default\">Asset Reorganization and Estate Planning<\/h3>\t\t\t\t<\/div>\n\t\t\t\t<div class=\"elementor-element elementor-element-5049b39 bloco-ver-mais elementor-widget elementor-widget-text-editor\" data-id=\"5049b39\" data-element_type=\"widget\" data-e-type=\"widget\" data-widget_type=\"text-editor.default\">\n\t\t\t\t\t\t\t\t\t<p>The firm specializes in drafting and implementing corporate restructurings through amendments to articles of association\/bylaws, preparation of shareholder\/partner agreements, establishment of investment funds, and drafting of other contractual instruments that improve corporate governance, including for the purposes of succession planning for companies and family groups.<\/p>\t\t\t\t\t\t\t\t<\/div>\n\t\t\t\t<\/div>\n\t\t<div class=\"elementor-element elementor-element-66f6eeb e-con-full e-flex elementor-invisible e-con e-child\" data-id=\"66f6eeb\" data-element_type=\"container\" data-e-type=\"container\" data-settings=\"{&quot;animation&quot;:&quot;fadeIn&quot;}\">\n\t\t\t\t<div class=\"elementor-element elementor-element-8b3156c elementor-widget elementor-widget-heading\" data-id=\"8b3156c\" data-element_type=\"widget\" data-e-type=\"widget\" data-widget_type=\"heading.default\">\n\t\t\t\t\t<h3 class=\"elementor-heading-title elementor-size-default\">Labor, Regulatory and Compliance <\/h3>\t\t\t\t<\/div>\n\t\t\t\t<div class=\"elementor-element elementor-element-10234a3 bloco-ver-mais elementor-widget elementor-widget-text-editor\" data-id=\"10234a3\" data-element_type=\"widget\" data-e-type=\"widget\" data-widget_type=\"text-editor.default\">\n\t\t\t\t\t\t\t\t\t<p>Legal opinions, guidance, and advice related to the structuring, reorganization, and secure management of the activities of companies and economic groups, integrating labor and regulatory matters. Services include compliance audits, preventive consulting on labor relations, monitoring of administrative inspections, advice on union relations, collective labor mediations, preparation of technical opinions and analysis of legal risks in business and corporate operations, as well as strategic action in situations requiring multidisciplinary legal assessment. It also encompasses technical support for complex business decisions, guidance for the implementation of governance and compliance structures, prevention of legal contingencies, and support in handling sensitive issues involving regulatory or labor liabilities, as well as ongoing legal advice focused on legal security, risk management, and institutional stability of business activities.<\/p>\t\t\t\t\t\t\t\t<\/div>\n\t\t\t\t<\/div>\n\t\t\t\t\t<\/div>\n\t\t\t\t<\/div>\n\t\t\t\t\t<\/div>\n\t\t\t\t<\/div>\n\t\t\t\t<\/div>","protected":false},"excerpt":{"rendered":"<p>Atua\u00e7\u00e3o Advocacia Empresarial O escrit\u00f3rio tem seu foco de atua\u00e7\u00e3o em \u00e1reas relacionadas \u00e0 atividade empresarial e ao mercado de capitais, conforme abaixo especificado: Mercado de Capitais Pareceres e notas t\u00e9cnicas sobre diversos temas relacionados ao mercado de capitais. Assessoramento a companhias abertas e seus \u00f3rg\u00e3os e membros (diretoria, conselho de administra\u00e7\u00e3o e comit\u00eas estatut\u00e1rios), [&hellip;]<\/p>\n","protected":false},"author":5,"featured_media":783,"parent":0,"menu_order":0,"comment_status":"closed","ping_status":"closed","template":"","meta":{"footnotes":""},"class_list":["post-586","page","type-page","status-publish","has-post-thumbnail","hentry"],"_links":{"self":[{"href":"https:\/\/tavaresborba.com.br\/en\/wp-json\/wp\/v2\/pages\/586","targetHints":{"allow":["GET"]}}],"collection":[{"href":"https:\/\/tavaresborba.com.br\/en\/wp-json\/wp\/v2\/pages"}],"about":[{"href":"https:\/\/tavaresborba.com.br\/en\/wp-json\/wp\/v2\/types\/page"}],"author":[{"embeddable":true,"href":"https:\/\/tavaresborba.com.br\/en\/wp-json\/wp\/v2\/users\/5"}],"replies":[{"embeddable":true,"href":"https:\/\/tavaresborba.com.br\/en\/wp-json\/wp\/v2\/comments?post=586"}],"version-history":[{"count":81,"href":"https:\/\/tavaresborba.com.br\/en\/wp-json\/wp\/v2\/pages\/586\/revisions"}],"predecessor-version":[{"id":3495,"href":"https:\/\/tavaresborba.com.br\/en\/wp-json\/wp\/v2\/pages\/586\/revisions\/3495"}],"wp:featuredmedia":[{"embeddable":true,"href":"https:\/\/tavaresborba.com.br\/en\/wp-json\/wp\/v2\/media\/783"}],"wp:attachment":[{"href":"https:\/\/tavaresborba.com.br\/en\/wp-json\/wp\/v2\/media?parent=586"}],"curies":[{"name":"wp","href":"https:\/\/api.w.org\/{rel}","templated":true}]}}