{"id":2663,"date":"2026-02-13T14:33:35","date_gmt":"2026-02-13T14:33:35","guid":{"rendered":"https:\/\/tavaresborba.com.br\/?page_id=2663"},"modified":"2026-03-16T10:34:27","modified_gmt":"2026-03-16T13:34:27","slug":"sobre","status":"publish","type":"page","link":"https:\/\/tavaresborba.com.br\/en\/sobre\/","title":{"rendered":"About"},"content":{"rendered":"<div data-elementor-type=\"wp-page\" data-elementor-id=\"2663\" class=\"elementor elementor-2663\" data-elementor-post-type=\"page\">\n\t\t\t\t<div class=\"elementor-element elementor-element-62a4580 e-flex e-con-boxed e-con e-parent\" data-id=\"62a4580\" data-element_type=\"container\" data-e-type=\"container\" data-settings=\"{&quot;background_background&quot;:&quot;classic&quot;}\">\n\t\t\t\t\t<div class=\"e-con-inner\">\n\t\t<div class=\"elementor-element elementor-element-3c99f1f5 e-con-full e-flex e-con e-child\" data-id=\"3c99f1f5\" data-element_type=\"container\" data-e-type=\"container\">\n\t\t\t\t<div class=\"elementor-element elementor-element-75405b6f smallcaps elementor-invisible elementor-widget elementor-widget-heading\" data-id=\"75405b6f\" data-element_type=\"widget\" data-e-type=\"widget\" data-settings=\"{&quot;_animation&quot;:&quot;fadeInUp&quot;,&quot;_animation_delay&quot;:250}\" data-widget_type=\"heading.default\">\n\t\t\t\t\t<h4 class=\"elementor-heading-title elementor-size-default\">About the Office<\/h4>\t\t\t\t<\/div>\n\t\t\t\t<div class=\"elementor-element elementor-element-74cafca7 smallcaps elementor-invisible elementor-widget elementor-widget-heading\" data-id=\"74cafca7\" data-element_type=\"widget\" data-e-type=\"widget\" data-settings=\"{&quot;_animation&quot;:&quot;fadeInUp&quot;}\" data-widget_type=\"heading.default\">\n\t\t\t\t\t<h2 class=\"elementor-heading-title elementor-size-default\">Tavares Borba.<\/h2>\t\t\t\t<\/div>\n\t\t\t\t<div class=\"elementor-element elementor-element-680e1105 elementor-widget elementor-widget-text-editor\" data-id=\"680e1105\" data-element_type=\"widget\" data-e-type=\"widget\" data-widget_type=\"text-editor.default\">\n\t\t\t\t\t\t\t\t\t<p>O <strong>Office Tavares Borba \u2013 Associated Lawyers<\/strong>, Founded in 2001, the firm is composed of specialized professionals with extensive experience in corporate law, allowing for a technical and objective approach in both advisory and litigation matters.<\/p><p data-start=\"94\" data-end=\"367\">The team possesses significant experience in strategic litigation and in structuring legal solutions for complex issues, particularly in the areas of corporate law, capital markets, and business contracts. The professional background of its partners contributes to a practical understanding of the demands faced by companies and investors.<\/p>\t\t\t\t\t\t\t\t<\/div>\n\t\t\t\t<div class=\"elementor-element elementor-element-4f0fe19 elementor-align-left elementor-tablet-align-center elementor-widget elementor-widget-button\" data-id=\"4f0fe19\" data-element_type=\"widget\" data-e-type=\"widget\" data-widget_type=\"button.default\">\n\t\t\t\t\t\t\t\t\t\t<a class=\"elementor-button elementor-button-link elementor-size-sm\" href=\"https:\/\/tavaresborba.com.br\/en\/advogados\/\">\n\t\t\t\t\t\t<span class=\"elementor-button-content-wrapper\">\n\t\t\t\t\t\t<span class=\"elementor-button-icon\">\n\t\t\t\t<svg xmlns=\"http:\/\/www.w3.org\/2000\/svg\" id=\"Layer_2\" data-name=\"Layer 2\" viewbox=\"0 0 195.3 180.12\"><g id=\"Layer_1-2\" data-name=\"Layer 1\"><polygon class=\"cls-1\" points=\"105.24 0 98.17 7.07 176.15 85.06 0 85.06 0 95.06 176.15 95.06 98.17 173.05 105.24 180.12 195.3 90.06 105.24 0\"><\/polygon><\/g><\/svg>\t\t\t<\/span>\n\t\t\t\t\t\t\t\t\t<span class=\"elementor-button-text\">Meet our team<\/span>\n\t\t\t\t\t<\/span>\n\t\t\t\t\t<\/a>\n\t\t\t\t\t\t\t\t<\/div>\n\t\t\t\t<\/div>\n\t\t\t\t\t<\/div>\n\t\t\t\t<\/div>\n\t\t<div class=\"elementor-element elementor-element-2491b7af e-con-full e-flex e-con e-parent\" data-id=\"2491b7af\" data-element_type=\"container\" data-e-type=\"container\">\n\t\t\t\t<div class=\"elementor-element elementor-element-69858230 elementor-hidden-mobile elementor-invisible elementor-widget elementor-widget-image\" data-id=\"69858230\" data-element_type=\"widget\" data-e-type=\"widget\" data-settings=\"{&quot;_animation&quot;:&quot;fadeIn&quot;}\" data-widget_type=\"image.default\">\n\t\t\t\t\t\t\t\t\t\t\t\t\t\t\t<img fetchpriority=\"high\" decoding=\"async\" width=\"1920\" height=\"1080\" src=\"https:\/\/tavaresborba.com.br\/wp-content\/uploads\/2026\/02\/foto-1.jpg\" class=\"elementor-animation-grow attachment-full size-full wp-image-2850\" alt=\"\" srcset=\"https:\/\/tavaresborba.com.br\/wp-content\/uploads\/2026\/02\/foto-1.jpg 1920w, https:\/\/tavaresborba.com.br\/wp-content\/uploads\/2026\/02\/foto-1-300x169.jpg 300w, https:\/\/tavaresborba.com.br\/wp-content\/uploads\/2026\/02\/foto-1-1024x576.jpg 1024w, https:\/\/tavaresborba.com.br\/wp-content\/uploads\/2026\/02\/foto-1-768x432.jpg 768w, https:\/\/tavaresborba.com.br\/wp-content\/uploads\/2026\/02\/foto-1-1536x864.jpg 1536w\" sizes=\"(max-width: 1920px) 100vw, 1920px\" \/>\t\t\t\t\t\t\t\t\t\t\t\t\t\t\t<\/div>\n\t\t\t\t<div class=\"elementor-element elementor-element-28b7ceb4 elementor-invisible elementor-widget elementor-widget-image\" data-id=\"28b7ceb4\" data-element_type=\"widget\" data-e-type=\"widget\" data-settings=\"{&quot;_animation&quot;:&quot;fadeIn&quot;}\" data-widget_type=\"image.default\">\n\t\t\t\t\t\t\t\t\t\t\t\t\t\t\t<img decoding=\"async\" width=\"1920\" height=\"1080\" src=\"https:\/\/tavaresborba.com.br\/wp-content\/uploads\/2026\/02\/foto-4.jpg\" class=\"elementor-animation-grow attachment-full size-full wp-image-2854\" alt=\"\" srcset=\"https:\/\/tavaresborba.com.br\/wp-content\/uploads\/2026\/02\/foto-4.jpg 1920w, https:\/\/tavaresborba.com.br\/wp-content\/uploads\/2026\/02\/foto-4-300x169.jpg 300w, https:\/\/tavaresborba.com.br\/wp-content\/uploads\/2026\/02\/foto-4-1024x576.jpg 1024w, https:\/\/tavaresborba.com.br\/wp-content\/uploads\/2026\/02\/foto-4-768x432.jpg 768w, https:\/\/tavaresborba.com.br\/wp-content\/uploads\/2026\/02\/foto-4-1536x864.jpg 1536w\" sizes=\"(max-width: 1920px) 100vw, 1920px\" \/>\t\t\t\t\t\t\t\t\t\t\t\t\t\t\t<\/div>\n\t\t\t\t<div class=\"elementor-element elementor-element-7a6247af elementor-invisible elementor-widget elementor-widget-image\" data-id=\"7a6247af\" data-element_type=\"widget\" data-e-type=\"widget\" data-settings=\"{&quot;_animation&quot;:&quot;fadeIn&quot;}\" data-widget_type=\"image.default\">\n\t\t\t\t\t\t\t\t\t\t\t\t\t\t\t<img decoding=\"async\" width=\"1920\" height=\"1080\" src=\"https:\/\/tavaresborba.com.br\/wp-content\/uploads\/2026\/02\/foto-2.jpg\" class=\"elementor-animation-grow attachment-full size-full wp-image-2851\" alt=\"\" srcset=\"https:\/\/tavaresborba.com.br\/wp-content\/uploads\/2026\/02\/foto-2.jpg 1920w, https:\/\/tavaresborba.com.br\/wp-content\/uploads\/2026\/02\/foto-2-300x169.jpg 300w, https:\/\/tavaresborba.com.br\/wp-content\/uploads\/2026\/02\/foto-2-1024x576.jpg 1024w, https:\/\/tavaresborba.com.br\/wp-content\/uploads\/2026\/02\/foto-2-768x432.jpg 768w, https:\/\/tavaresborba.com.br\/wp-content\/uploads\/2026\/02\/foto-2-1536x864.jpg 1536w\" sizes=\"(max-width: 1920px) 100vw, 1920px\" \/>\t\t\t\t\t\t\t\t\t\t\t\t\t\t\t<\/div>\n\t\t\t\t<\/div>\n\t\t<div class=\"elementor-element elementor-element-ca26afb e-flex e-con-boxed e-con e-parent\" data-id=\"ca26afb\" data-element_type=\"container\" data-e-type=\"container\">\n\t\t\t\t\t<div class=\"e-con-inner\">\n\t\t<div class=\"elementor-element elementor-element-0e04195 e-con-full e-flex e-con e-child\" data-id=\"0e04195\" data-element_type=\"container\" data-e-type=\"container\">\n\t\t\t\t<div class=\"elementor-element elementor-element-c48ec02 elementor-widget elementor-widget-text-editor\" data-id=\"c48ec02\" data-element_type=\"widget\" data-e-type=\"widget\" data-widget_type=\"text-editor.default\">\n\t\t\t\t\t\t\t\t\t<p>The performance of <strong>Tavares Borba \u2013 Associated Lawyers<\/strong> The firm is guided by principles of efficiency, transparency, ethics, and technical rigor, which direct the conduct of its work and its relationship with clients. The firm seeks to offer consistent legal solutions aligned with the strategic needs of its clients, considering the complexity of the challenges faced by companies and investors in the current environment.<\/p>\t\t\t\t\t\t\t\t<\/div>\n\t\t\t\t<div class=\"elementor-element elementor-element-cdaaf1f elementor-align-left elementor-tablet-align-center elementor-mobile-align-left elementor-widget elementor-widget-button\" data-id=\"cdaaf1f\" data-element_type=\"widget\" data-e-type=\"widget\" data-widget_type=\"button.default\">\n\t\t\t\t\t\t\t\t\t\t<a class=\"elementor-button elementor-button-link elementor-size-sm\" href=\"https:\/\/tavaresborba.com.br\/en\/areas-de-atuacao\/\">\n\t\t\t\t\t\t<span class=\"elementor-button-content-wrapper\">\n\t\t\t\t\t\t<span class=\"elementor-button-icon\">\n\t\t\t\t<svg xmlns=\"http:\/\/www.w3.org\/2000\/svg\" id=\"Layer_2\" data-name=\"Layer 2\" viewbox=\"0 0 195.3 180.12\"><g id=\"Layer_1-2\" data-name=\"Layer 1\"><polygon class=\"cls-1\" points=\"105.24 0 98.17 7.07 176.15 85.06 0 85.06 0 95.06 176.15 95.06 98.17 173.05 105.24 180.12 195.3 90.06 105.24 0\"><\/polygon><\/g><\/svg>\t\t\t<\/span>\n\t\t\t\t\t\t\t\t\t<span class=\"elementor-button-text\">Expertise<\/span>\n\t\t\t\t\t<\/span>\n\t\t\t\t\t<\/a>\n\t\t\t\t\t\t\t\t<\/div>\n\t\t\t\t<\/div>\n\t\t<div class=\"elementor-element elementor-element-dff55e6 e-con-full e-flex e-con e-child\" data-id=\"dff55e6\" data-element_type=\"container\" data-e-type=\"container\">\n\t\t\t\t<div class=\"elementor-element elementor-element-971513b elementor-widget elementor-widget-text-editor\" data-id=\"971513b\" data-element_type=\"widget\" data-e-type=\"widget\" data-widget_type=\"text-editor.default\">\n\t\t\t\t\t\t\t\t\t<p>The academic background of your team is one of the pillars of <strong>Tavares Borba \u2013 Associated Lawyers<\/strong>. The professionals are graduates and post-graduates from leading educational institutions and participate in the production of legal scholarship in the areas of corporate law and capital markets.<\/p>\t\t\t\t\t\t\t\t<\/div>\n\t\t\t\t<div class=\"elementor-element elementor-element-58b924a elementor-align-left elementor-tablet-align-center elementor-mobile-align-left elementor-widget elementor-widget-button\" data-id=\"58b924a\" data-element_type=\"widget\" data-e-type=\"widget\" data-widget_type=\"button.default\">\n\t\t\t\t\t\t\t\t\t\t<a class=\"elementor-button elementor-button-link elementor-size-sm\" href=\"https:\/\/tavaresborba.com.br\/en\/advogados\/\">\n\t\t\t\t\t\t<span class=\"elementor-button-content-wrapper\">\n\t\t\t\t\t\t<span class=\"elementor-button-icon\">\n\t\t\t\t<svg xmlns=\"http:\/\/www.w3.org\/2000\/svg\" id=\"Layer_2\" data-name=\"Layer 2\" viewbox=\"0 0 195.3 180.12\"><g id=\"Layer_1-2\" data-name=\"Layer 1\"><polygon class=\"cls-1\" points=\"105.24 0 98.17 7.07 176.15 85.06 0 85.06 0 95.06 176.15 95.06 98.17 173.05 105.24 180.12 195.3 90.06 105.24 0\"><\/polygon><\/g><\/svg>\t\t\t<\/span>\n\t\t\t\t\t\t\t\t\t<span class=\"elementor-button-text\">Publications<\/span>\n\t\t\t\t\t<\/span>\n\t\t\t\t\t<\/a>\n\t\t\t\t\t\t\t\t<\/div>\n\t\t\t\t<\/div>\n\t\t\t\t\t<\/div>\n\t\t\t\t<\/div>\n\t\t\t\t<\/div>","protected":false},"excerpt":{"rendered":"<p>Sobre o Escrit\u00f3rio Tavares Borba. O Escrit\u00f3rio Tavares Borba \u2013 Advogados Associados, fundado em 2001, \u00e9 composto por profissionais especializados e com ampla experi\u00eancia em advocacia empresarial, o que permite uma atua\u00e7\u00e3o t\u00e9cnica e objetiva tanto na \u00e1rea consultiva quanto na contenciosa. A equipe possui experi\u00eancia relevante em contencioso estrat\u00e9gico e na estrutura\u00e7\u00e3o de solu\u00e7\u00f5es [&hellip;]<\/p>\n","protected":false},"author":5,"featured_media":0,"parent":0,"menu_order":0,"comment_status":"closed","ping_status":"closed","template":"","meta":{"footnotes":""},"class_list":["post-2663","page","type-page","status-publish","hentry"],"_links":{"self":[{"href":"https:\/\/tavaresborba.com.br\/en\/wp-json\/wp\/v2\/pages\/2663","targetHints":{"allow":["GET"]}}],"collection":[{"href":"https:\/\/tavaresborba.com.br\/en\/wp-json\/wp\/v2\/pages"}],"about":[{"href":"https:\/\/tavaresborba.com.br\/en\/wp-json\/wp\/v2\/types\/page"}],"author":[{"embeddable":true,"href":"https:\/\/tavaresborba.com.br\/en\/wp-json\/wp\/v2\/users\/5"}],"replies":[{"embeddable":true,"href":"https:\/\/tavaresborba.com.br\/en\/wp-json\/wp\/v2\/comments?post=2663"}],"version-history":[{"count":100,"href":"https:\/\/tavaresborba.com.br\/en\/wp-json\/wp\/v2\/pages\/2663\/revisions"}],"predecessor-version":[{"id":3533,"href":"https:\/\/tavaresborba.com.br\/en\/wp-json\/wp\/v2\/pages\/2663\/revisions\/3533"}],"wp:attachment":[{"href":"https:\/\/tavaresborba.com.br\/en\/wp-json\/wp\/v2\/media?parent=2663"}],"curies":[{"name":"wp","href":"https:\/\/api.w.org\/{rel}","templated":true}]}}